{"id":637,"date":"2022-05-10T08:52:34","date_gmt":"2022-05-10T13:52:34","guid":{"rendered":"https:\/\/ilmm.org\/?page_id=637"},"modified":"2026-01-09T10:18:34","modified_gmt":"2026-01-09T15:18:34","slug":"quienes-somos-2","status":"publish","type":"page","link":"https:\/\/ilmm.org\/en\/quienes-somos-2\/","title":{"rendered":"Quienes Somos"},"content":{"rendered":"<div class=\"wp-block-media-text alignwide is-stacked-on-mobile is-style-default has-text-color has-background\" style=\"color:#070808;background-color:#72a7b4;grid-template-columns:39% auto\"><figure class=\"wp-block-media-text__media\"><img loading=\"lazy\" decoding=\"async\" width=\"1200\" height=\"1600\" data-attachment-id=\"523\" data-permalink=\"https:\/\/ilmm.org\/en\/acerca-de-ilmm\/amina-pic\/\" data-orig-file=\"https:\/\/i0.wp.com\/ilmm.org\/wp-content\/uploads\/2021\/09\/amina-pic.jpeg?fit=1200%2C1600&amp;ssl=1\" data-orig-size=\"1200,1600\" data-comments-opened=\"1\" data-image-meta=\"{&quot;aperture&quot;:&quot;0&quot;,&quot;credit&quot;:&quot;&quot;,&quot;camera&quot;:&quot;&quot;,&quot;caption&quot;:&quot;&quot;,&quot;created_timestamp&quot;:&quot;0&quot;,&quot;copyright&quot;:&quot;&quot;,&quot;focal_length&quot;:&quot;0&quot;,&quot;iso&quot;:&quot;0&quot;,&quot;shutter_speed&quot;:&quot;0&quot;,&quot;title&quot;:&quot;&quot;,&quot;orientation&quot;:&quot;0&quot;}\" data-image-title=\"amina-pic\" data-image-description=\"\" data-image-caption=\"\" data-large-file=\"https:\/\/i0.wp.com\/ilmm.org\/wp-content\/uploads\/2021\/09\/amina-pic.jpeg?fit=750%2C1000&amp;ssl=1\" src=\"https:\/\/i0.wp.com\/ilmm.org\/wp-content\/uploads\/2021\/09\/amina-pic.jpeg?fit=750%2C1000&amp;ssl=1\" alt=\"\" class=\"wp-image-523 size-large\" srcset=\"https:\/\/i0.wp.com\/ilmm.org\/wp-content\/uploads\/2021\/09\/amina-pic.jpeg?w=1200&amp;ssl=1 1200w, https:\/\/i0.wp.com\/ilmm.org\/wp-content\/uploads\/2021\/09\/amina-pic.jpeg?resize=225%2C300&amp;ssl=1 225w, https:\/\/i0.wp.com\/ilmm.org\/wp-content\/uploads\/2021\/09\/amina-pic.jpeg?resize=768%2C1024&amp;ssl=1 768w, https:\/\/i0.wp.com\/ilmm.org\/wp-content\/uploads\/2021\/09\/amina-pic.jpeg?resize=1152%2C1536&amp;ssl=1 1152w, https:\/\/i0.wp.com\/ilmm.org\/wp-content\/uploads\/2021\/09\/amina-pic.jpeg?resize=9%2C12&amp;ssl=1 9w, https:\/\/i0.wp.com\/ilmm.org\/wp-content\/uploads\/2021\/09\/amina-pic.jpeg?resize=900%2C1200&amp;ssl=1 900w, https:\/\/i0.wp.com\/ilmm.org\/wp-content\/uploads\/2021\/09\/amina-pic.jpeg?resize=600%2C800&amp;ssl=1 600w, https:\/\/i0.wp.com\/ilmm.org\/wp-content\/uploads\/2021\/09\/amina-pic.jpeg?resize=300%2C400&amp;ssl=1 300w, https:\/\/i0.wp.com\/ilmm.org\/wp-content\/uploads\/2021\/09\/amina-pic.jpeg?resize=150%2C200&amp;ssl=1 150w\" sizes=\"auto, (max-width: 750px) 100vw, 750px\" \/><\/figure><div class=\"wp-block-media-text__content\">\n<h4 class=\"wp-block-heading\">Profesora Amina Rodr\u00edguez<\/h4>\n\n\n\n<p class=\"wp-block-paragraph\">Fundadora y Profesora en ILMM. Licenciada en Estudios Isl\u00e1micos por \u2018International Open University\u2019, certificada como \u00abProfesora de Estudios Isl\u00e1micos\u00bb por la Universidad Isl\u00e1mica de Espa\u00f1a Al-Andalusia, lugar donde actualmente cursa una segunda licenciatura en Estudios Isl\u00e1micos. Es Profesora certificada de Qur\u2019an con las metodolog\u00edas Qaidah Nuraniyah por el Sheij Muhammad Farooq Ar Rae (Arabia Saudita) y Al Qurtubiah por el Sheij Muhammad Idrissi Alcaraz (Espa\u00f1a). Amina Rodr\u00edguez, adem\u00e1s, pose\u00e9 un certificado de la Universidad de Harvard (USA) en Educaci\u00f3n de Adultos y varios Iyazaat en ahadiz del Profeta s.a.w.<\/p>\n<\/div><\/div>\n\n\n\n<div class=\"wp-block-media-text alignwide has-media-on-the-right is-stacked-on-mobile\" style=\"grid-template-columns:auto 39%\"><div class=\"wp-block-media-text__content\">\n<h4 class=\"wp-block-heading\">Natalia Cutrone<\/h4>\n\n\n\n<p class=\"wp-block-paragraph\">Administradora de ILMM. Graduada del diploma en Estudios Isl\u00e1micos con la Universidad Isl\u00e1mica de Espa\u00f1a Al-Andalusia y con Arees (USA). En el a\u00f1o 2005 obtuvo el t\u00edtulo de T\u00e9cnica Superior en Diagn\u00f3stico por im\u00e1genes y radioterapia y durante 10 a\u00f1os trabaj\u00f3 como secretaria administrativa y docente de la carrera de Diagn\u00f3stico por Im\u00e1genes y Radioterapia.<\/p>\n<\/div><figure class=\"wp-block-media-text__media\"><img loading=\"lazy\" decoding=\"async\" width=\"810\" height=\"1080\" data-attachment-id=\"419\" data-permalink=\"https:\/\/ilmm.org\/en\/acerca-de-ilmm\/natalia\/\" data-orig-file=\"https:\/\/i0.wp.com\/ilmm.org\/wp-content\/uploads\/2021\/09\/Natalia.jpeg?fit=810%2C1080&amp;ssl=1\" data-orig-size=\"810,1080\" data-comments-opened=\"1\" data-image-meta=\"{&quot;aperture&quot;:&quot;0&quot;,&quot;credit&quot;:&quot;&quot;,&quot;camera&quot;:&quot;&quot;,&quot;caption&quot;:&quot;&quot;,&quot;created_timestamp&quot;:&quot;0&quot;,&quot;copyright&quot;:&quot;&quot;,&quot;focal_length&quot;:&quot;0&quot;,&quot;iso&quot;:&quot;0&quot;,&quot;shutter_speed&quot;:&quot;0&quot;,&quot;title&quot;:&quot;&quot;,&quot;orientation&quot;:&quot;0&quot;}\" data-image-title=\"Natalia\" data-image-description=\"\" data-image-caption=\"\" data-large-file=\"https:\/\/i0.wp.com\/ilmm.org\/wp-content\/uploads\/2021\/09\/Natalia.jpeg?fit=750%2C1000&amp;ssl=1\" src=\"https:\/\/i0.wp.com\/ilmm.org\/wp-content\/uploads\/2021\/09\/Natalia.jpeg?fit=750%2C1000&amp;ssl=1\" alt=\"\" class=\"wp-image-419 size-large\" srcset=\"https:\/\/i0.wp.com\/ilmm.org\/wp-content\/uploads\/2021\/09\/Natalia.jpeg?w=810&amp;ssl=1 810w, https:\/\/i0.wp.com\/ilmm.org\/wp-content\/uploads\/2021\/09\/Natalia.jpeg?resize=225%2C300&amp;ssl=1 225w, https:\/\/i0.wp.com\/ilmm.org\/wp-content\/uploads\/2021\/09\/Natalia.jpeg?resize=768%2C1024&amp;ssl=1 768w, https:\/\/i0.wp.com\/ilmm.org\/wp-content\/uploads\/2021\/09\/Natalia.jpeg?resize=9%2C12&amp;ssl=1 9w, https:\/\/i0.wp.com\/ilmm.org\/wp-content\/uploads\/2021\/09\/Natalia.jpeg?resize=600%2C800&amp;ssl=1 600w, https:\/\/i0.wp.com\/ilmm.org\/wp-content\/uploads\/2021\/09\/Natalia.jpeg?resize=300%2C400&amp;ssl=1 300w, https:\/\/i0.wp.com\/ilmm.org\/wp-content\/uploads\/2021\/09\/Natalia.jpeg?resize=150%2C200&amp;ssl=1 150w\" sizes=\"auto, (max-width: 750px) 100vw, 750px\" \/><\/figure><\/div>\n\n\n\n<div class=\"wp-block-media-text alignwide is-stacked-on-mobile has-black-color has-text-color has-background\" style=\"background-color:#72a7b4;grid-template-columns:44% auto\"><figure class=\"wp-block-media-text__media\"><img loading=\"lazy\" decoding=\"async\" width=\"1280\" height=\"1280\" data-attachment-id=\"951\" data-permalink=\"https:\/\/ilmm.org\/en\/whatsapp-image-2022-03-07-at-9-58-22-am\/\" data-orig-file=\"https:\/\/i0.wp.com\/ilmm.org\/wp-content\/uploads\/2022\/05\/WhatsApp-Image-2022-03-07-at-9.58.22-AM.jpeg?fit=1280%2C1280&amp;ssl=1\" data-orig-size=\"1280,1280\" data-comments-opened=\"1\" data-image-meta=\"{&quot;aperture&quot;:&quot;0&quot;,&quot;credit&quot;:&quot;&quot;,&quot;camera&quot;:&quot;&quot;,&quot;caption&quot;:&quot;&quot;,&quot;created_timestamp&quot;:&quot;0&quot;,&quot;copyright&quot;:&quot;&quot;,&quot;focal_length&quot;:&quot;0&quot;,&quot;iso&quot;:&quot;0&quot;,&quot;shutter_speed&quot;:&quot;0&quot;,&quot;title&quot;:&quot;&quot;,&quot;orientation&quot;:&quot;0&quot;}\" data-image-title=\"WhatsApp-Image-2022-03-07-at-9.58.22-AM\" data-image-description=\"\" data-image-caption=\"\" data-large-file=\"https:\/\/i0.wp.com\/ilmm.org\/wp-content\/uploads\/2022\/05\/WhatsApp-Image-2022-03-07-at-9.58.22-AM.jpeg?fit=750%2C750&amp;ssl=1\" src=\"https:\/\/i0.wp.com\/ilmm.org\/wp-content\/uploads\/2022\/05\/WhatsApp-Image-2022-03-07-at-9.58.22-AM.jpeg?fit=750%2C750&amp;ssl=1\" alt=\"\" class=\"wp-image-951 size-large\" srcset=\"https:\/\/i0.wp.com\/ilmm.org\/wp-content\/uploads\/2022\/05\/WhatsApp-Image-2022-03-07-at-9.58.22-AM.jpeg?w=1280&amp;ssl=1 1280w, https:\/\/i0.wp.com\/ilmm.org\/wp-content\/uploads\/2022\/05\/WhatsApp-Image-2022-03-07-at-9.58.22-AM.jpeg?resize=300%2C300&amp;ssl=1 300w, https:\/\/i0.wp.com\/ilmm.org\/wp-content\/uploads\/2022\/05\/WhatsApp-Image-2022-03-07-at-9.58.22-AM.jpeg?resize=1024%2C1024&amp;ssl=1 1024w, https:\/\/i0.wp.com\/ilmm.org\/wp-content\/uploads\/2022\/05\/WhatsApp-Image-2022-03-07-at-9.58.22-AM.jpeg?resize=150%2C150&amp;ssl=1 150w, https:\/\/i0.wp.com\/ilmm.org\/wp-content\/uploads\/2022\/05\/WhatsApp-Image-2022-03-07-at-9.58.22-AM.jpeg?resize=768%2C768&amp;ssl=1 768w, https:\/\/i0.wp.com\/ilmm.org\/wp-content\/uploads\/2022\/05\/WhatsApp-Image-2022-03-07-at-9.58.22-AM.jpeg?resize=12%2C12&amp;ssl=1 12w, https:\/\/i0.wp.com\/ilmm.org\/wp-content\/uploads\/2022\/05\/WhatsApp-Image-2022-03-07-at-9.58.22-AM.jpeg?resize=1200%2C1200&amp;ssl=1 1200w, https:\/\/i0.wp.com\/ilmm.org\/wp-content\/uploads\/2022\/05\/WhatsApp-Image-2022-03-07-at-9.58.22-AM.jpeg?resize=800%2C800&amp;ssl=1 800w, https:\/\/i0.wp.com\/ilmm.org\/wp-content\/uploads\/2022\/05\/WhatsApp-Image-2022-03-07-at-9.58.22-AM.jpeg?resize=400%2C400&amp;ssl=1 400w, https:\/\/i0.wp.com\/ilmm.org\/wp-content\/uploads\/2022\/05\/WhatsApp-Image-2022-03-07-at-9.58.22-AM.jpeg?resize=200%2C200&amp;ssl=1 200w\" sizes=\"auto, (max-width: 750px) 100vw, 750px\" \/><\/figure><div class=\"wp-block-media-text__content\">\n<h4 class=\"wp-block-heading\">Profesora A\u2019ishah Salazar<\/h4>\n\n\n\n<p class=\"wp-block-paragraph\">Directora y profesora de Estudios Isl\u00e1micos de ILMM ni\u00f1os. Es Licenciada en educaci\u00f3n con enf\u00e1sis en Ingl\u00e9s y Castellano. Especialista en l\u00fadica educativa. Est\u00e1 cerfiticada como profesora de Estudios Isl\u00e1micos con la Universidad Isl\u00e1mica de Espa\u00f1a Al Andalusia.<\/p>\n<\/div><\/div>\n\n\n\n<div class=\"wp-block-columns is-layout-flex wp-container-core-columns-is-layout-7387b849 wp-block-columns-is-layout-flex\">\n<div class=\"wp-block-column is-vertically-aligned-bottom is-layout-flow wp-block-column-is-layout-flow\" style=\"flex-basis:100%\"><\/div>\n<\/div>\n\n\n\n<div class=\"wp-block-columns alignwide is-layout-flex wp-container-core-columns-is-layout-7387b849 wp-block-columns-is-layout-flex\">\n<div class=\"wp-block-column is-layout-flow wp-block-column-is-layout-flow\"><\/div>\n\n\n\n<div class=\"wp-block-column is-layout-flow wp-block-column-is-layout-flow\"><\/div>\n<\/div>\n\n\n\n<p class=\"wp-block-paragraph\"><\/p>","protected":false},"excerpt":{"rendered":"<p>Profesora Amina Rodr\u00edguez Fundadora y Profesora en ILMM. Licenciada en Estudios Isl\u00e1micos por \u2018International Open University\u2019, certificada como \u00abProfesora de Estudios Isl\u00e1micos\u00bb por la Universidad Isl\u00e1mica de Espa\u00f1a Al-Andalusia, lugar donde actualmente cursa una segunda licenciatura en Estudios Isl\u00e1micos. Es Profesora certificada de Qur\u2019an con las metodolog\u00edas Qaidah Nuraniyah por el Sheij Muhammad Farooq Ar<a class=\"more-link\" href=\"https:\/\/ilmm.org\/en\/quienes-somos-2\/\">Continue reading <span class=\"screen-reader-text\">\u00abQuienes Somos\u00bb<\/span><\/a><\/p>","protected":false},"author":208772119,"featured_media":0,"parent":0,"menu_order":0,"comment_status":"closed","ping_status":"closed","template":"","meta":{"_coblocks_attr":"","_coblocks_dimensions":"","_coblocks_responsive_height":"","_coblocks_accordion_ie_support":"","_crdt_document":"","advanced_seo_description":"","jetpack_seo_html_title":"","jetpack_seo_noindex":false,"footnotes":""},"class_list":["post-637","page","type-page","status-publish","hentry","entry"],"jetpack_likes_enabled":true,"jetpack_sharing_enabled":true,"jetpack_shortlink":"https:\/\/wp.me\/PddPGx-ah","amp_enabled":true,"_links":{"self":[{"href":"https:\/\/ilmm.org\/en\/wp-json\/wp\/v2\/pages\/637","targetHints":{"allow":["GET"]}}],"collection":[{"href":"https:\/\/ilmm.org\/en\/wp-json\/wp\/v2\/pages"}],"about":[{"href":"https:\/\/ilmm.org\/en\/wp-json\/wp\/v2\/types\/page"}],"author":[{"embeddable":true,"href":"https:\/\/ilmm.org\/en\/wp-json\/wp\/v2\/users\/208772119"}],"replies":[{"embeddable":true,"href":"https:\/\/ilmm.org\/en\/wp-json\/wp\/v2\/comments?post=637"}],"version-history":[{"count":23,"href":"https:\/\/ilmm.org\/en\/wp-json\/wp\/v2\/pages\/637\/revisions"}],"predecessor-version":[{"id":6954,"href":"https:\/\/ilmm.org\/en\/wp-json\/wp\/v2\/pages\/637\/revisions\/6954"}],"wp:attachment":[{"href":"https:\/\/ilmm.org\/en\/wp-json\/wp\/v2\/media?parent=637"}],"curies":[{"name":"wp","href":"https:\/\/api.w.org\/{rel}","templated":true}]}}