{"id":1662,"date":"2023-01-03T10:37:13","date_gmt":"2023-01-03T15:37:13","guid":{"rendered":"https:\/\/ilmm.org\/?post_type=product&#038;p=1662"},"modified":"2026-01-12T17:20:02","modified_gmt":"2026-01-12T22:20:02","slug":"madrasa-ilmm-individual","status":"publish","type":"product","link":"https:\/\/ilmm.org\/en\/product\/madrasa-ilmm-individual\/","title":{"rendered":"Madrasa ILMM &#8211; Individual"},"content":{"rendered":"<p>Escuela Isl\u00e1mica Virtual para Ni\u00f1os y Ni\u00f1as. (Pago de <strong>un solo alumno<\/strong>) &#8211; Duracion 5 meses.<\/p>","protected":false},"excerpt":{"rendered":"<p>Escuela Isl\u00e1mica Virtual para Ni\u00f1os y Ni\u00f1as. Clases de Estudios Isl\u00e1micos y Qur&#8217;an. Duracion 5 meses.<\/p>","protected":false},"featured_media":6959,"comment_status":"open","ping_status":"closed","template":"","meta":{"_coblocks_attr":"","_coblocks_dimensions":"","_coblocks_responsive_height":"","_coblocks_accordion_ie_support":"","_crdt_document":"","advanced_seo_description":"","jetpack_seo_html_title":"","jetpack_seo_noindex":false,"jetpack_publicize_message":"","jetpack_publicize_feature_enabled":true,"jetpack_social_post_already_shared":true,"jetpack_social_options":{"image_generator_settings":{"template":"highway","default_image_id":0,"font":"","enabled":false},"version":2},"_wpas_customize_per_network":false},"product_brand":[],"product_cat":[],"product_tag":[],"class_list":{"0":"post-1662","1":"product","2":"type-product","3":"status-publish","4":"has-post-thumbnail","6":"entry","8":"first","9":"instock","10":"virtual","11":"purchasable","12":"product-type-simple"},"jetpack_publicize_connections":[],"jetpack_likes_enabled":true,"jetpack_sharing_enabled":true,"_links":{"self":[{"href":"https:\/\/ilmm.org\/en\/wp-json\/wp\/v2\/product\/1662","targetHints":{"allow":["GET"]}}],"collection":[{"href":"https:\/\/ilmm.org\/en\/wp-json\/wp\/v2\/product"}],"about":[{"href":"https:\/\/ilmm.org\/en\/wp-json\/wp\/v2\/types\/product"}],"replies":[{"embeddable":true,"href":"https:\/\/ilmm.org\/en\/wp-json\/wp\/v2\/comments?post=1662"}],"wp:featuredmedia":[{"embeddable":true,"href":"https:\/\/ilmm.org\/en\/wp-json\/wp\/v2\/media\/6959"}],"wp:attachment":[{"href":"https:\/\/ilmm.org\/en\/wp-json\/wp\/v2\/media?parent=1662"}],"wp:term":[{"taxonomy":"product_brand","embeddable":true,"href":"https:\/\/ilmm.org\/en\/wp-json\/wp\/v2\/product_brand?post=1662"},{"taxonomy":"product_cat","embeddable":true,"href":"https:\/\/ilmm.org\/en\/wp-json\/wp\/v2\/product_cat?post=1662"},{"taxonomy":"product_tag","embeddable":true,"href":"https:\/\/ilmm.org\/en\/wp-json\/wp\/v2\/product_tag?post=1662"}],"curies":[{"name":"wp","href":"https:\/\/api.w.org\/{rel}","templated":true}]}}